{"id":10,"date":"2026-02-09T16:11:45","date_gmt":"2026-02-09T16:11:45","guid":{"rendered":"https:\/\/jflauze.com\/?page_id=10"},"modified":"2026-02-09T17:07:25","modified_gmt":"2026-02-09T17:07:25","slug":"a-propos-de","status":"publish","type":"page","link":"https:\/\/jflauze.com\/index.php\/a-propos-de\/","title":{"rendered":"JF"},"content":{"rendered":"\n<p>Depuis maintenant plus de 30 ans, je gagne ma vie en aidant les entreprises \u00e0 utiliser internet. \u00c7a remonte \u00e0 1994 alors que j&rsquo;\u00e9tudiais l&rsquo;\u00e9lectronique au CEGEP de Drummondville.<\/p>\n\n\n\n<p>La crise du verglas de 1998 m&rsquo;a fait d\u00e9couvrir Montr\u00e9al et j&rsquo;ai entrepris une carri\u00e8re comme programmeur dans ce grand tourbillon qui s&rsquo;appelait \u00ab\u00a0L&rsquo;autoroute de l&rsquo;information\u00a0\u00bb.<\/p>\n\n\n\n<p>J&rsquo;ai travaill\u00e9 \u00e0 deux occasions dans la mythique \u00ab\u00a0cit\u00e9 du multim\u00e9dia\u00a0\u00bb. C&rsquo;\u00e9tait une \u00e9poque o\u00f9 chaque nouveau site web repr\u00e9sentait des efforts consid\u00e9rables, souvent la somme du travail de plusieurs sp\u00e9cialistes. Disons que \u00e7a a bien chang\u00e9!&nbsp;<\/p>\n\n\n\n<h3 class=\"wp-block-heading\">Vers l&rsquo;humain<\/h3>\n\n\n\n<p>Si, d&rsquo;un c\u00f4t\u00e9, des technologies comme Facebook qui ont co\u00fbt\u00e9 des milliards $ \u00e0 d\u00e9velopper sont microfinanc\u00e9es par la publicit\u00e9 \u00e0 travers des milliards d&rsquo;utilisateurs, je me suis sp\u00e9cialis\u00e9 dans les solutions qui s&rsquo;adressent \u00e0 de petits groupes d&rsquo;utilisateurs organis\u00e9s autour d&rsquo;une v\u00e9ritable communaut\u00e9.<\/p>\n\n\n\n<blockquote class=\"wp-block-quote is-layout-flow wp-block-quote-is-layout-flow\">\n<p>Je suis aussi \u00e0 l&rsquo;aise devant que derri\u00e8re la cam\u00e9ra et je peux vous aider de la prospection jusqu&rsquo;\u00e0 la facturation.<\/p>\n<\/blockquote>\n\n\n\n<p>Depuis 2013 je travaille \u00e0 partir de chez moi avec l&rsquo;aide d&rsquo;un petit r\u00e9seau de collaborateurs chouchous. On s&rsquo;occupe de tout : h\u00e9bergement, design, identit\u00e9 corporative, etc.<\/p>\n\n\n\n<p>Mon client id\u00e9al, c&rsquo;est celui qui a d\u00e9j\u00e0 une vision claire de son entreprise et un certain succ\u00e8s, qui sait o\u00f9 sont ses d\u00e9fis de gestion et qui veut gagner du temps avec des outils sur mesure.<\/p>\n\n\n\n<p>Les avantages d&rsquo;un one-man-show comme celui que je vous propose sont nombreux. Le premier est sans doute la fluidit\u00e9 des communications. J&rsquo;ai les r\u00e9ponses \u00e0 vos questions et je sais quelles questions vous poser.<\/p>\n","protected":false},"excerpt":{"rendered":"<p>Depuis maintenant plus de 30 ans, je gagne ma vie en aidant les entreprises \u00e0 utiliser internet. \u00c7a remonte \u00e0 1994 alors que j&rsquo;\u00e9tudiais l&rsquo;\u00e9lectronique au CEGEP de Drummondville. La crise du verglas de 1998 m&rsquo;a fait d\u00e9couvrir Montr\u00e9al et j&rsquo;ai entrepris une carri\u00e8re comme programmeur dans ce grand tourbillon qui s&rsquo;appelait \u00ab\u00a0L&rsquo;autoroute de l&rsquo;information\u00a0\u00bb. &hellip; <\/p>\n<p class=\"link-more\"><a href=\"https:\/\/jflauze.com\/index.php\/a-propos-de\/\" class=\"more-link\">Continuer la lecture<span class=\"screen-reader-text\"> de &laquo;&nbsp;JF&nbsp;&raquo;<\/span><\/a><\/p>\n","protected":false},"author":1,"featured_media":51,"parent":0,"menu_order":0,"comment_status":"closed","ping_status":"closed","template":"","meta":{"footnotes":""},"class_list":["post-10","page","type-page","status-publish","has-post-thumbnail","hentry"],"_links":{"self":[{"href":"https:\/\/jflauze.com\/index.php\/wp-json\/wp\/v2\/pages\/10","targetHints":{"allow":["GET"]}}],"collection":[{"href":"https:\/\/jflauze.com\/index.php\/wp-json\/wp\/v2\/pages"}],"about":[{"href":"https:\/\/jflauze.com\/index.php\/wp-json\/wp\/v2\/types\/page"}],"author":[{"embeddable":true,"href":"https:\/\/jflauze.com\/index.php\/wp-json\/wp\/v2\/users\/1"}],"replies":[{"embeddable":true,"href":"https:\/\/jflauze.com\/index.php\/wp-json\/wp\/v2\/comments?post=10"}],"version-history":[{"count":3,"href":"https:\/\/jflauze.com\/index.php\/wp-json\/wp\/v2\/pages\/10\/revisions"}],"predecessor-version":[{"id":67,"href":"https:\/\/jflauze.com\/index.php\/wp-json\/wp\/v2\/pages\/10\/revisions\/67"}],"wp:featuredmedia":[{"embeddable":true,"href":"https:\/\/jflauze.com\/index.php\/wp-json\/wp\/v2\/media\/51"}],"wp:attachment":[{"href":"https:\/\/jflauze.com\/index.php\/wp-json\/wp\/v2\/media?parent=10"}],"curies":[{"name":"wp","href":"https:\/\/api.w.org\/{rel}","templated":true}]}}