{"id":11,"date":"2026-02-09T16:11:45","date_gmt":"2026-02-09T16:11:45","guid":{"rendered":"https:\/\/jflauze.com\/?page_id=11"},"modified":"2026-02-09T18:15:04","modified_gmt":"2026-02-09T18:15:04","slug":"contact","status":"publish","type":"page","link":"https:\/\/jflauze.com\/index.php\/contact\/","title":{"rendered":"Contact"},"content":{"rendered":"\n<p>Je travaille exclusivement avec de la client\u00e8le bas\u00e9e au Canada, de pr\u00e9f\u00e9rence au Qu\u00e9bec.<\/p>\n\n\n\n<p>Vous pouvez me rejoindre pendant les heures normales de bureau au 514 691 4073<\/p>\n\n\n\n<p>Utilisez <a href=\"mailto:info@jflauze.com\">info@jflauze.com<\/a> pour me rejoindre par \u00e9crit<\/p>\n\n\n\n<p><\/p>\n","protected":false},"excerpt":{"rendered":"<p>Je travaille exclusivement avec de la client\u00e8le bas\u00e9e au Canada, de pr\u00e9f\u00e9rence au Qu\u00e9bec. Vous pouvez me rejoindre pendant les heures normales de bureau au 514 691 4073 Utilisez info@jflauze.com pour me rejoindre par \u00e9crit<\/p>\n","protected":false},"author":1,"featured_media":39,"parent":0,"menu_order":0,"comment_status":"closed","ping_status":"closed","template":"","meta":{"footnotes":""},"class_list":["post-11","page","type-page","status-publish","has-post-thumbnail","hentry"],"_links":{"self":[{"href":"https:\/\/jflauze.com\/index.php\/wp-json\/wp\/v2\/pages\/11","targetHints":{"allow":["GET"]}}],"collection":[{"href":"https:\/\/jflauze.com\/index.php\/wp-json\/wp\/v2\/pages"}],"about":[{"href":"https:\/\/jflauze.com\/index.php\/wp-json\/wp\/v2\/types\/page"}],"author":[{"embeddable":true,"href":"https:\/\/jflauze.com\/index.php\/wp-json\/wp\/v2\/users\/1"}],"replies":[{"embeddable":true,"href":"https:\/\/jflauze.com\/index.php\/wp-json\/wp\/v2\/comments?post=11"}],"version-history":[{"count":3,"href":"https:\/\/jflauze.com\/index.php\/wp-json\/wp\/v2\/pages\/11\/revisions"}],"predecessor-version":[{"id":96,"href":"https:\/\/jflauze.com\/index.php\/wp-json\/wp\/v2\/pages\/11\/revisions\/96"}],"wp:featuredmedia":[{"embeddable":true,"href":"https:\/\/jflauze.com\/index.php\/wp-json\/wp\/v2\/media\/39"}],"wp:attachment":[{"href":"https:\/\/jflauze.com\/index.php\/wp-json\/wp\/v2\/media?parent=11"}],"curies":[{"name":"wp","href":"https:\/\/api.w.org\/{rel}","templated":true}]}}