{"id":121,"date":"2026-02-09T20:34:46","date_gmt":"2026-02-09T20:34:46","guid":{"rendered":"https:\/\/jflauze.com\/?page_id=121"},"modified":"2026-03-05T21:36:01","modified_gmt":"2026-03-05T21:36:01","slug":"realisations","status":"publish","type":"page","link":"https:\/\/jflauze.com\/index.php\/realisations\/","title":{"rendered":"R\u00e9alisations"},"content":{"rendered":"\n<p>Voici quelques organisations pour lesquelles je contribue \u00e0 titre de webmaster depuis quelques ann\u00e9es.<\/p>\n\n\n\n<p>N&rsquo;h\u00e9sitez pas \u00e0 me contacter pour en savoir davantage ou pour voir d&rsquo;autres types de r\u00e9alisations comme des <strong>applications de gestion<\/strong> et des <strong>intranets\/extranets<\/strong> pour votre groupe de travail.<\/p>\n\n\n\n<div class=\"wp-block-group is-nowrap is-layout-flex wp-container-core-group-is-layout-ad2f72ca wp-block-group-is-layout-flex\">\n<div class=\"wp-block-cover\"><img loading=\"lazy\" decoding=\"async\" width=\"1024\" height=\"576\" class=\"wp-block-cover__image-background wp-image-126\" alt=\"\" src=\"https:\/\/jflauze.com\/wp-content\/uploads\/2026\/02\/Capture-decran-2026-02-09-152349-1024x576.png\" data-object-fit=\"cover\" srcset=\"https:\/\/jflauze.com\/wp-content\/uploads\/2026\/02\/Capture-decran-2026-02-09-152349-1024x576.png 1024w, https:\/\/jflauze.com\/wp-content\/uploads\/2026\/02\/Capture-decran-2026-02-09-152349-300x169.png 300w, https:\/\/jflauze.com\/wp-content\/uploads\/2026\/02\/Capture-decran-2026-02-09-152349-768x432.png 768w, https:\/\/jflauze.com\/wp-content\/uploads\/2026\/02\/Capture-decran-2026-02-09-152349-1536x864.png 1536w, https:\/\/jflauze.com\/wp-content\/uploads\/2026\/02\/Capture-decran-2026-02-09-152349.png 1920w\" sizes=\"auto, (max-width: 767px) 89vw, (max-width: 1000px) 54vw, (max-width: 1071px) 543px, 580px\" \/><span aria-hidden=\"true\" class=\"wp-block-cover__background has-background-dim\"><\/span><div class=\"wp-block-cover__inner-container is-layout-flow wp-block-cover-is-layout-flow\">\n<p class=\"has-text-align-center has-large-font-size\">Rick Design Skatepark<\/p>\n\n\n\n<div class=\"wp-block-buttons is-content-justification-center is-layout-flex wp-container-core-buttons-is-layout-16018d1d wp-block-buttons-is-layout-flex\">\n<div class=\"wp-block-button\"><a class=\"wp-block-button__link wp-element-button\" href=\"https:\/\/www.rickdesignskatepark.com\" target=\"_blank\" rel=\"noreferrer noopener\">Rick<\/a><\/div>\n<\/div>\n<\/div><\/div>\n\n\n\n<div class=\"wp-block-cover\" style=\"min-height:430px;aspect-ratio:unset;\"><img loading=\"lazy\" decoding=\"async\" width=\"1024\" height=\"576\" class=\"wp-block-cover__image-background wp-image-122\" alt=\"\" src=\"https:\/\/jflauze.com\/wp-content\/uploads\/2026\/02\/Capture-decran-2026-02-05-075012-1024x576.png\" data-object-fit=\"cover\" srcset=\"https:\/\/jflauze.com\/wp-content\/uploads\/2026\/02\/Capture-decran-2026-02-05-075012-1024x576.png 1024w, https:\/\/jflauze.com\/wp-content\/uploads\/2026\/02\/Capture-decran-2026-02-05-075012-300x169.png 300w, https:\/\/jflauze.com\/wp-content\/uploads\/2026\/02\/Capture-decran-2026-02-05-075012-768x432.png 768w, https:\/\/jflauze.com\/wp-content\/uploads\/2026\/02\/Capture-decran-2026-02-05-075012-1536x864.png 1536w, https:\/\/jflauze.com\/wp-content\/uploads\/2026\/02\/Capture-decran-2026-02-05-075012.png 1920w\" sizes=\"auto, (max-width: 767px) 89vw, (max-width: 1000px) 54vw, (max-width: 1071px) 543px, 580px\" \/><span aria-hidden=\"true\" class=\"wp-block-cover__background has-background-dim\"><\/span><div class=\"wp-block-cover__inner-container is-layout-flow wp-block-cover-is-layout-flow\">\n<p class=\"has-text-align-center has-large-font-size\">Conseil de la Sculpture du Qu\u00e9bec<\/p>\n\n\n\n<div class=\"wp-block-buttons is-content-justification-center is-layout-flex wp-container-core-buttons-is-layout-16018d1d wp-block-buttons-is-layout-flex\">\n<div class=\"wp-block-button\"><a class=\"wp-block-button__link wp-element-button\" href=\"https:\/\/www.conseilsculpture.com\" target=\"_blank\" rel=\"noreferrer noopener\">CSQ<\/a><\/div>\n<\/div>\n<\/div><\/div>\n<\/div>\n\n\n\n<div class=\"wp-block-cover\"><img loading=\"lazy\" decoding=\"async\" width=\"1024\" height=\"576\" class=\"wp-block-cover__image-background wp-image-125\" alt=\"\" src=\"https:\/\/jflauze.com\/wp-content\/uploads\/2026\/02\/Capture-decran-2026-02-09-152426-1024x576.png\" data-object-fit=\"cover\" srcset=\"https:\/\/jflauze.com\/wp-content\/uploads\/2026\/02\/Capture-decran-2026-02-09-152426-1024x576.png 1024w, https:\/\/jflauze.com\/wp-content\/uploads\/2026\/02\/Capture-decran-2026-02-09-152426-300x169.png 300w, https:\/\/jflauze.com\/wp-content\/uploads\/2026\/02\/Capture-decran-2026-02-09-152426-768x432.png 768w, https:\/\/jflauze.com\/wp-content\/uploads\/2026\/02\/Capture-decran-2026-02-09-152426-1536x864.png 1536w, https:\/\/jflauze.com\/wp-content\/uploads\/2026\/02\/Capture-decran-2026-02-09-152426.png 1920w\" sizes=\"auto, (max-width: 767px) 89vw, (max-width: 1000px) 54vw, (max-width: 1071px) 543px, 580px\" \/><span aria-hidden=\"true\" class=\"wp-block-cover__background has-background-dim\"><\/span><div class=\"wp-block-cover__inner-container is-layout-flow wp-block-cover-is-layout-flow\">\n<p class=\"has-text-align-center has-large-font-size\">Productions Spotlight<\/p>\n\n\n\n<div class=\"wp-block-buttons is-content-justification-center is-layout-flex wp-container-core-buttons-is-layout-16018d1d wp-block-buttons-is-layout-flex\">\n<div class=\"wp-block-button\"><a class=\"wp-block-button__link wp-element-button\" href=\"https:\/\/www.productionsspotlight.com\/\" target=\"_blank\" rel=\"noreferrer noopener\">Spotlight<\/a><\/div>\n<\/div>\n<\/div><\/div>\n\n\n\n<div class=\"wp-block-group is-nowrap is-layout-flex wp-container-core-group-is-layout-ad2f72ca wp-block-group-is-layout-flex\">\n<figure class=\"wp-block-image size-large\"><img loading=\"lazy\" decoding=\"async\" width=\"1024\" height=\"576\" src=\"https:\/\/jflauze.com\/wp-content\/uploads\/2026\/02\/Capture-decran-2026-02-05-075752-1024x576.png\" alt=\"\" class=\"wp-image-123\" srcset=\"https:\/\/jflauze.com\/wp-content\/uploads\/2026\/02\/Capture-decran-2026-02-05-075752-1024x576.png 1024w, https:\/\/jflauze.com\/wp-content\/uploads\/2026\/02\/Capture-decran-2026-02-05-075752-300x169.png 300w, https:\/\/jflauze.com\/wp-content\/uploads\/2026\/02\/Capture-decran-2026-02-05-075752-768x432.png 768w, https:\/\/jflauze.com\/wp-content\/uploads\/2026\/02\/Capture-decran-2026-02-05-075752-1536x864.png 1536w, https:\/\/jflauze.com\/wp-content\/uploads\/2026\/02\/Capture-decran-2026-02-05-075752.png 1920w\" sizes=\"auto, (max-width: 767px) 89vw, (max-width: 1000px) 54vw, (max-width: 1071px) 543px, 580px\" \/><figcaption class=\"wp-element-caption\">R\u00e9serve des Montagnes Buck<br>Site web derri\u00e8re mot de passe automatisation des profils de membres<\/figcaption><\/figure>\n\n\n\n<figure class=\"wp-block-image size-large\"><img loading=\"lazy\" decoding=\"async\" width=\"1024\" height=\"576\" src=\"https:\/\/jflauze.com\/wp-content\/uploads\/2026\/02\/Capture-decran-2026-02-09-152327-1024x576.png\" alt=\"\" class=\"wp-image-124\" srcset=\"https:\/\/jflauze.com\/wp-content\/uploads\/2026\/02\/Capture-decran-2026-02-09-152327-1024x576.png 1024w, https:\/\/jflauze.com\/wp-content\/uploads\/2026\/02\/Capture-decran-2026-02-09-152327-300x169.png 300w, https:\/\/jflauze.com\/wp-content\/uploads\/2026\/02\/Capture-decran-2026-02-09-152327-768x432.png 768w, https:\/\/jflauze.com\/wp-content\/uploads\/2026\/02\/Capture-decran-2026-02-09-152327-1536x864.png 1536w, https:\/\/jflauze.com\/wp-content\/uploads\/2026\/02\/Capture-decran-2026-02-09-152327.png 1920w\" sizes=\"auto, (max-width: 767px) 89vw, (max-width: 1000px) 54vw, (max-width: 1071px) 543px, 580px\" \/><figcaption class=\"wp-element-caption\">Le sommet de la finance au f\u00e9minin organise chaque ann\u00e9e \u00e0 travers son site web une lev\u00e9e de fonds pour les femmes victimes de violence conjugale.<\/figcaption><\/figure>\n<\/div>\n\n\n\n<h2 class=\"wp-block-heading\">Animation de groupe de r\u00e9seautage<\/h2>\n\n\n\n<figure class=\"wp-block-embed is-type-video is-provider-youtube wp-block-embed-youtube wp-embed-aspect-16-9 wp-has-aspect-ratio\"><div class=\"wp-block-embed__wrapper\">\n<iframe loading=\"lazy\" title=\"Le marketing de Pizza Salvator\u00e9\" width=\"525\" height=\"295\" src=\"https:\/\/www.youtube.com\/embed\/5ouMRZIgtyE?feature=oembed\" frameborder=\"0\" allow=\"accelerometer; autoplay; clipboard-write; encrypted-media; gyroscope; picture-in-picture; web-share\" referrerpolicy=\"strict-origin-when-cross-origin\" allowfullscreen><\/iframe>\n<\/div><\/figure>\n","protected":false},"excerpt":{"rendered":"<p>Voici quelques organisations pour lesquelles je contribue \u00e0 titre de webmaster depuis quelques ann\u00e9es. N&rsquo;h\u00e9sitez pas \u00e0 me contacter pour en savoir davantage ou pour voir d&rsquo;autres types de r\u00e9alisations comme des applications de gestion et des intranets\/extranets pour votre groupe de travail. Animation de groupe de r\u00e9seautage<\/p>\n","protected":false},"author":1,"featured_media":134,"parent":0,"menu_order":0,"comment_status":"closed","ping_status":"closed","template":"","meta":{"footnotes":""},"class_list":["post-121","page","type-page","status-publish","has-post-thumbnail","hentry"],"_links":{"self":[{"href":"https:\/\/jflauze.com\/index.php\/wp-json\/wp\/v2\/pages\/121","targetHints":{"allow":["GET"]}}],"collection":[{"href":"https:\/\/jflauze.com\/index.php\/wp-json\/wp\/v2\/pages"}],"about":[{"href":"https:\/\/jflauze.com\/index.php\/wp-json\/wp\/v2\/types\/page"}],"author":[{"embeddable":true,"href":"https:\/\/jflauze.com\/index.php\/wp-json\/wp\/v2\/users\/1"}],"replies":[{"embeddable":true,"href":"https:\/\/jflauze.com\/index.php\/wp-json\/wp\/v2\/comments?post=121"}],"version-history":[{"count":6,"href":"https:\/\/jflauze.com\/index.php\/wp-json\/wp\/v2\/pages\/121\/revisions"}],"predecessor-version":[{"id":219,"href":"https:\/\/jflauze.com\/index.php\/wp-json\/wp\/v2\/pages\/121\/revisions\/219"}],"wp:featuredmedia":[{"embeddable":true,"href":"https:\/\/jflauze.com\/index.php\/wp-json\/wp\/v2\/media\/134"}],"wp:attachment":[{"href":"https:\/\/jflauze.com\/index.php\/wp-json\/wp\/v2\/media?parent=121"}],"curies":[{"name":"wp","href":"https:\/\/api.w.org\/{rel}","templated":true}]}}