{"id":168,"date":"2026-02-11T16:41:16","date_gmt":"2026-02-11T16:41:16","guid":{"rendered":"https:\/\/jflauze.com\/?page_id=168"},"modified":"2026-02-11T16:49:11","modified_gmt":"2026-02-11T16:49:11","slug":"formation-de-groupe-et-individuelle","status":"publish","type":"page","link":"https:\/\/jflauze.com\/index.php\/formation-de-groupe-et-individuelle\/","title":{"rendered":"Formation de groupe et individuelle"},"content":{"rendered":"\n<p>Est-ce que \u00e7a vous arrive de dire \u00ab\u00a0ah! moi l\u00e0 technologie!\u00a0\u00bb ?<\/p>\n\n\n\n<p>Si vous cherchez quelqu&rsquo;un qui pourrait vous d\u00e9m\u00ealer tout \u00e7a avec des exemples concrets, je suis peut \u00eatre la personne qu&rsquo;il vous faut.<\/p>\n\n\n\n<p>\u00c7a me vient naturellement. D\u00e9j\u00e0, en 1996 je donnais des formations aux membres de la Chambre de Commerce de Drummondville qui voulaient utiliser Internet. Comment trouver et consulter un site web ; les bases. En fait si bien des choses ont chang\u00e9es, d&rsquo;autres pas.<\/p>\n\n\n\n<h2 class=\"wp-block-heading\">En entreprise<\/h2>\n\n\n\n<p>Des formations obligatoires c&rsquo;est souvent mortel, pas vrai? Y&rsquo;a moyen de rendre \u00e7a dynamique. Si \u00e7a vous parle parce que vous savez exactement de quoi je parle, parlons-nous!<\/p>\n\n\n\n<h2 class=\"wp-block-heading\">Personnes \u00e2g\u00e9es<\/h2>\n\n\n\n<p>Trop souvent, la vitesse \u00e0 laquelle la technologie change rend \u00e7a impossible \u00e0 suivre. J&rsquo;aimerais \u00e7a vous aider \u00e0 ne pas d\u00e9crocher.<\/p>\n\n\n\n<figure class=\"wp-block-image size-large\"><img loading=\"lazy\" decoding=\"async\" width=\"1024\" height=\"576\" src=\"https:\/\/jflauze.com\/wp-content\/uploads\/2026\/02\/Appreciation-des-Olympiques-1024x576.jpg\" alt=\"\" class=\"wp-image-171\" srcset=\"https:\/\/jflauze.com\/wp-content\/uploads\/2026\/02\/Appreciation-des-Olympiques-1024x576.jpg 1024w, https:\/\/jflauze.com\/wp-content\/uploads\/2026\/02\/Appreciation-des-Olympiques-300x169.jpg 300w, https:\/\/jflauze.com\/wp-content\/uploads\/2026\/02\/Appreciation-des-Olympiques-768x432.jpg 768w, https:\/\/jflauze.com\/wp-content\/uploads\/2026\/02\/Appreciation-des-Olympiques-1536x864.jpg 1536w, https:\/\/jflauze.com\/wp-content\/uploads\/2026\/02\/Appreciation-des-Olympiques.jpg 1920w\" sizes=\"auto, (max-width: 767px) 89vw, (max-width: 1000px) 54vw, (max-width: 1071px) 543px, 580px\" \/><\/figure>\n\n\n\n<p>J&rsquo;aimerais aussi vous rendre confiant face \u00e0 toutes les arnaques en ligne ; et vous n&rsquo;\u00eates m\u00eame pas oblig\u00e9s de faire partie du 3\u00e8me \u00e2ge \ud83d\ude42<\/p>\n\n\n\n<h2 class=\"wp-block-heading\">En priv\u00e9 (Webcam) <\/h2>\n\n\n\n<p>Strat\u00e9gie marketing, programmation, montage vid\u00e9o, photographie, animation de foule ; j&rsquo;ai beaucoup de choses \u00e0 raconter et j&rsquo;adore trouver le petit bout qui est \u00e0 moi et qui manque \u00e0 votre histoire \u00e0 vous.<\/p>\n\n\n\n<p><\/p>\n","protected":false},"excerpt":{"rendered":"<p>Est-ce que \u00e7a vous arrive de dire \u00ab\u00a0ah! moi l\u00e0 technologie!\u00a0\u00bb ? Si vous cherchez quelqu&rsquo;un qui pourrait vous d\u00e9m\u00ealer tout \u00e7a avec des exemples concrets, je suis peut \u00eatre la personne qu&rsquo;il vous faut. \u00c7a me vient naturellement. D\u00e9j\u00e0, en 1996 je donnais des formations aux membres de la Chambre de Commerce de Drummondville &hellip; <\/p>\n<p class=\"link-more\"><a href=\"https:\/\/jflauze.com\/index.php\/formation-de-groupe-et-individuelle\/\" class=\"more-link\">Continuer la lecture<span class=\"screen-reader-text\"> de &laquo;&nbsp;Formation de groupe et individuelle&nbsp;&raquo;<\/span><\/a><\/p>\n","protected":false},"author":1,"featured_media":170,"parent":0,"menu_order":0,"comment_status":"closed","ping_status":"closed","template":"","meta":{"footnotes":""},"class_list":["post-168","page","type-page","status-publish","has-post-thumbnail","hentry"],"_links":{"self":[{"href":"https:\/\/jflauze.com\/index.php\/wp-json\/wp\/v2\/pages\/168","targetHints":{"allow":["GET"]}}],"collection":[{"href":"https:\/\/jflauze.com\/index.php\/wp-json\/wp\/v2\/pages"}],"about":[{"href":"https:\/\/jflauze.com\/index.php\/wp-json\/wp\/v2\/types\/page"}],"author":[{"embeddable":true,"href":"https:\/\/jflauze.com\/index.php\/wp-json\/wp\/v2\/users\/1"}],"replies":[{"embeddable":true,"href":"https:\/\/jflauze.com\/index.php\/wp-json\/wp\/v2\/comments?post=168"}],"version-history":[{"count":4,"href":"https:\/\/jflauze.com\/index.php\/wp-json\/wp\/v2\/pages\/168\/revisions"}],"predecessor-version":[{"id":174,"href":"https:\/\/jflauze.com\/index.php\/wp-json\/wp\/v2\/pages\/168\/revisions\/174"}],"wp:featuredmedia":[{"embeddable":true,"href":"https:\/\/jflauze.com\/index.php\/wp-json\/wp\/v2\/media\/170"}],"wp:attachment":[{"href":"https:\/\/jflauze.com\/index.php\/wp-json\/wp\/v2\/media?parent=168"}],"curies":[{"name":"wp","href":"https:\/\/api.w.org\/{rel}","templated":true}]}}