{"id":178,"date":"2026-02-11T17:22:58","date_gmt":"2026-02-11T17:22:58","guid":{"rendered":"https:\/\/jflauze.com\/?page_id=178"},"modified":"2026-02-11T17:35:16","modified_gmt":"2026-02-11T17:35:16","slug":"services-professionnels","status":"publish","type":"page","link":"https:\/\/jflauze.com\/index.php\/services-professionnels\/","title":{"rendered":"Services professionnels"},"content":{"rendered":"\n<h2 class=\"wp-block-heading\">Site web de A \u00e0 Z<\/h2>\n\n\n\n<p>Comme travailleur autonome, j&rsquo;ai historiquement recherch\u00e9 les mandats o\u00f9 je pouvais mettre \u00e0 profit mon gestionnaire de contenu, microklima. J&rsquo;ai donc une belle exp\u00e9rience dans la gestion de communaut\u00e9 auto-g\u00e9r\u00e9es et la pr\u00e9sentation arborescente de r\u00e9pertoires et catalogues.<\/p>\n\n\n\n<div class=\"wp-block-buttons is-layout-flex wp-block-buttons-is-layout-flex\">\n<div class=\"wp-block-button\"><a class=\"wp-block-button__link wp-element-button\" href=\"https:\/\/jflauze.com\/index.php\/realisations\/\">Sites Web<\/a><\/div>\n<\/div>\n\n\n\n<h2 class=\"wp-block-heading\">D\u00e9veloppement custom<\/h2>\n\n\n\n<p>Dans les cas de figure o\u00f9 un simple plugin WordPress ne fait pas la job, on peut arriver tr\u00e8s rapidement \u00e0 une solution fonctionnelle avec <a href=\"https:\/\/www.cakephp.org\/\" target=\"_blank\" rel=\"noreferrer noopener\">CakePHP<\/a>. Et pour int\u00e9grer votre gestion d&rsquo;entreprise \u00e0 votre image de marque, je d\u00e9veloppe depuis 2013 le gestionnaire de contenu microklima.<\/p>\n\n\n\n<div class=\"wp-block-buttons is-layout-flex wp-block-buttons-is-layout-flex\">\n<div class=\"wp-block-button\"><a class=\"wp-block-button__link wp-element-button\" href=\"https:\/\/microklima.cloud\" target=\"_blank\" rel=\"noreferrer noopener\">microklima<\/a><\/div>\n<\/div>\n\n\n\n<h2 class=\"wp-block-heading\">Formation<\/h2>\n\n\n\n<p>Mise \u00e0 niveau technique, Strat\u00e9gie de contenu, Autonomie num\u00e9rique.<\/p>\n\n\n\n<div class=\"wp-block-buttons is-layout-flex wp-block-buttons-is-layout-flex\">\n<div class=\"wp-block-button\"><a class=\"wp-block-button__link wp-element-button\" href=\"https:\/\/jflauze.com\/index.php\/formation-de-groupe-et-individuelle\/\">Formation<\/a><\/div>\n<\/div>\n\n\n\n<p><\/p>\n","protected":false},"excerpt":{"rendered":"<p>Site web de A \u00e0 Z Comme travailleur autonome, j&rsquo;ai historiquement recherch\u00e9 les mandats o\u00f9 je pouvais mettre \u00e0 profit mon gestionnaire de contenu, microklima. J&rsquo;ai donc une belle exp\u00e9rience dans la gestion de communaut\u00e9 auto-g\u00e9r\u00e9es et la pr\u00e9sentation arborescente de r\u00e9pertoires et catalogues. D\u00e9veloppement custom Dans les cas de figure o\u00f9 un simple plugin &hellip; <\/p>\n<p class=\"link-more\"><a href=\"https:\/\/jflauze.com\/index.php\/services-professionnels\/\" class=\"more-link\">Continuer la lecture<span class=\"screen-reader-text\"> de &laquo;&nbsp;Services professionnels&nbsp;&raquo;<\/span><\/a><\/p>\n","protected":false},"author":1,"featured_media":180,"parent":0,"menu_order":0,"comment_status":"closed","ping_status":"closed","template":"","meta":{"footnotes":""},"class_list":["post-178","page","type-page","status-publish","has-post-thumbnail","hentry"],"_links":{"self":[{"href":"https:\/\/jflauze.com\/index.php\/wp-json\/wp\/v2\/pages\/178","targetHints":{"allow":["GET"]}}],"collection":[{"href":"https:\/\/jflauze.com\/index.php\/wp-json\/wp\/v2\/pages"}],"about":[{"href":"https:\/\/jflauze.com\/index.php\/wp-json\/wp\/v2\/types\/page"}],"author":[{"embeddable":true,"href":"https:\/\/jflauze.com\/index.php\/wp-json\/wp\/v2\/users\/1"}],"replies":[{"embeddable":true,"href":"https:\/\/jflauze.com\/index.php\/wp-json\/wp\/v2\/comments?post=178"}],"version-history":[{"count":6,"href":"https:\/\/jflauze.com\/index.php\/wp-json\/wp\/v2\/pages\/178\/revisions"}],"predecessor-version":[{"id":188,"href":"https:\/\/jflauze.com\/index.php\/wp-json\/wp\/v2\/pages\/178\/revisions\/188"}],"wp:featuredmedia":[{"embeddable":true,"href":"https:\/\/jflauze.com\/index.php\/wp-json\/wp\/v2\/media\/180"}],"wp:attachment":[{"href":"https:\/\/jflauze.com\/index.php\/wp-json\/wp\/v2\/media?parent=178"}],"curies":[{"name":"wp","href":"https:\/\/api.w.org\/{rel}","templated":true}]}}