{"id":72,"date":"2026-02-09T17:16:26","date_gmt":"2026-02-09T17:16:26","guid":{"rendered":"https:\/\/jflauze.com\/?page_id=72"},"modified":"2026-02-09T17:37:46","modified_gmt":"2026-02-09T17:37:46","slug":"unity","status":"publish","type":"page","link":"https:\/\/jflauze.com\/index.php\/unity\/","title":{"rendered":"Unity"},"content":{"rendered":"\n<p>Depuis une dizaine d&rsquo;ann\u00e9es je m&rsquo;amuse avec l&rsquo;environnement de d\u00e9veloppement de jeux Unity dans lequel j&rsquo;ai d\u00e9marr\u00e9 plusieurs projets pour mon plaisir personnel.<\/p>\n\n\n\n<p>Dans un contexte o\u00f9 les choses sont souvent faites al\u00e9atoirement par une intelligence artificielle quelconque, je trouve rassurant de pouvoir exploiter cet environnement manuel, comme un jardin dans lequel je cultive des interactions en pixels.<\/p>\n\n\n\n<p>Je vous en parle parce qu&rsquo;il est tout \u00e0 fait envisageable d&rsquo;utiliser cette technologie pour vous d\u00e9marquer dans votre communication en int\u00e9grant des \u00e9l\u00e9ments de jeux \u00e0 vos proc\u00e9dures et vos pr\u00e9sentations.<\/p>\n","protected":false},"excerpt":{"rendered":"<p>Depuis une dizaine d&rsquo;ann\u00e9es je m&rsquo;amuse avec l&rsquo;environnement de d\u00e9veloppement de jeux Unity dans lequel j&rsquo;ai d\u00e9marr\u00e9 plusieurs projets pour mon plaisir personnel. Dans un contexte o\u00f9 les choses sont souvent faites al\u00e9atoirement par une intelligence artificielle quelconque, je trouve rassurant de pouvoir exploiter cet environnement manuel, comme un jardin dans lequel je cultive des &hellip; <\/p>\n<p class=\"link-more\"><a href=\"https:\/\/jflauze.com\/index.php\/unity\/\" class=\"more-link\">Continuer la lecture<span class=\"screen-reader-text\"> de &laquo;&nbsp;Unity&nbsp;&raquo;<\/span><\/a><\/p>\n","protected":false},"author":1,"featured_media":73,"parent":0,"menu_order":0,"comment_status":"closed","ping_status":"closed","template":"","meta":{"footnotes":""},"class_list":["post-72","page","type-page","status-publish","has-post-thumbnail","hentry"],"_links":{"self":[{"href":"https:\/\/jflauze.com\/index.php\/wp-json\/wp\/v2\/pages\/72","targetHints":{"allow":["GET"]}}],"collection":[{"href":"https:\/\/jflauze.com\/index.php\/wp-json\/wp\/v2\/pages"}],"about":[{"href":"https:\/\/jflauze.com\/index.php\/wp-json\/wp\/v2\/types\/page"}],"author":[{"embeddable":true,"href":"https:\/\/jflauze.com\/index.php\/wp-json\/wp\/v2\/users\/1"}],"replies":[{"embeddable":true,"href":"https:\/\/jflauze.com\/index.php\/wp-json\/wp\/v2\/comments?post=72"}],"version-history":[{"count":3,"href":"https:\/\/jflauze.com\/index.php\/wp-json\/wp\/v2\/pages\/72\/revisions"}],"predecessor-version":[{"id":80,"href":"https:\/\/jflauze.com\/index.php\/wp-json\/wp\/v2\/pages\/72\/revisions\/80"}],"wp:featuredmedia":[{"embeddable":true,"href":"https:\/\/jflauze.com\/index.php\/wp-json\/wp\/v2\/media\/73"}],"wp:attachment":[{"href":"https:\/\/jflauze.com\/index.php\/wp-json\/wp\/v2\/media?parent=72"}],"curies":[{"name":"wp","href":"https:\/\/api.w.org\/{rel}","templated":true}]}}