{"id":76,"date":"2026-02-09T17:30:19","date_gmt":"2026-02-09T17:30:19","guid":{"rendered":"https:\/\/jflauze.com\/?page_id=76"},"modified":"2026-02-10T21:57:02","modified_gmt":"2026-02-10T21:57:02","slug":"photo-et-video","status":"publish","type":"page","link":"https:\/\/jflauze.com\/index.php\/photo-et-video\/","title":{"rendered":"Photo, Audio et vid\u00e9o"},"content":{"rendered":"\n<p>J&rsquo;ai litt\u00e9ralement fait mon passage \u00e0 l&rsquo;\u00e2ge adulte avec un micro dans les mains. J&rsquo;ai \u00e9t\u00e9 DJ professionnel et sonorisateur ainsi que technicien de sc\u00e8ne pendant une p\u00e9riode d&rsquo;environ 6 ans. En dehors de mon m\u00e9tier de webmaster, je suis musicien et animateur de foule.<\/p>\n\n\n\n<p>photo<\/p>\n\n\n\n<p>Mon p\u00e8re m&rsquo;a appris \u00e0 d\u00e9velopper des n\u00e9gatifs dans l&rsquo;acide dans une chambre noire qu&rsquo;il avait am\u00e9nag\u00e9 dans la maison familiale dans les ann\u00e9es 1980. Disons que bien des choses ont chang\u00e9, du moins techniquement.<\/p>\n\n\n\n<p>J&rsquo;adore la photographie de produit et la g\u00e9om\u00e9trie de la nature ; en passant, <strong>toutes les photographies de ce site web ont \u00e9t\u00e9 prises par moi<\/strong>. Disons que je suis objectivement un bon photographe amateur et que pour des besoins de photographie professionnelle, j&rsquo;ai tout un r\u00e9seau de contacts \u00e0 votre disposition.<\/p>\n\n\n\n<p>vid\u00e9o<\/p>\n\n\n\n<p>Il en va de m\u00eame pour la production de contenu vid\u00e9o o\u00f9 je fais moi-m\u00eame la majorit\u00e9 du montage, de la narration et de la trame sonore pour des productions g\u00e9n\u00e9ralement destin\u00e9es \u00e0 YouTube. Encore une fois, je peux compter sur des collaborateurs de longue date qui s&rsquo;occupent de passer au niveau suivant.<\/p>\n\n\n\n<p><\/p>\n","protected":false},"excerpt":{"rendered":"<p>J&rsquo;ai litt\u00e9ralement fait mon passage \u00e0 l&rsquo;\u00e2ge adulte avec un micro dans les mains. J&rsquo;ai \u00e9t\u00e9 DJ professionnel et sonorisateur ainsi que technicien de sc\u00e8ne pendant une p\u00e9riode d&rsquo;environ 6 ans. En dehors de mon m\u00e9tier de webmaster, je suis musicien et animateur de foule. photo Mon p\u00e8re m&rsquo;a appris \u00e0 d\u00e9velopper des n\u00e9gatifs dans &hellip; <\/p>\n<p class=\"link-more\"><a href=\"https:\/\/jflauze.com\/index.php\/photo-et-video\/\" class=\"more-link\">Continuer la lecture<span class=\"screen-reader-text\"> de &laquo;&nbsp;Photo, Audio et vid\u00e9o&nbsp;&raquo;<\/span><\/a><\/p>\n","protected":false},"author":1,"featured_media":40,"parent":0,"menu_order":0,"comment_status":"closed","ping_status":"closed","template":"","meta":{"footnotes":""},"class_list":["post-76","page","type-page","status-publish","has-post-thumbnail","hentry"],"_links":{"self":[{"href":"https:\/\/jflauze.com\/index.php\/wp-json\/wp\/v2\/pages\/76","targetHints":{"allow":["GET"]}}],"collection":[{"href":"https:\/\/jflauze.com\/index.php\/wp-json\/wp\/v2\/pages"}],"about":[{"href":"https:\/\/jflauze.com\/index.php\/wp-json\/wp\/v2\/types\/page"}],"author":[{"embeddable":true,"href":"https:\/\/jflauze.com\/index.php\/wp-json\/wp\/v2\/users\/1"}],"replies":[{"embeddable":true,"href":"https:\/\/jflauze.com\/index.php\/wp-json\/wp\/v2\/comments?post=76"}],"version-history":[{"count":7,"href":"https:\/\/jflauze.com\/index.php\/wp-json\/wp\/v2\/pages\/76\/revisions"}],"predecessor-version":[{"id":149,"href":"https:\/\/jflauze.com\/index.php\/wp-json\/wp\/v2\/pages\/76\/revisions\/149"}],"wp:featuredmedia":[{"embeddable":true,"href":"https:\/\/jflauze.com\/index.php\/wp-json\/wp\/v2\/media\/40"}],"wp:attachment":[{"href":"https:\/\/jflauze.com\/index.php\/wp-json\/wp\/v2\/media?parent=76"}],"curies":[{"name":"wp","href":"https:\/\/api.w.org\/{rel}","templated":true}]}}